{"id":926,"date":"2024-07-02T13:29:05","date_gmt":"2024-07-02T11:29:05","guid":{"rendered":"https:\/\/greidlerhof.at\/impressum\/"},"modified":"2024-11-24T15:33:59","modified_gmt":"2024-11-24T14:33:59","slug":"imprint","status":"publish","type":"page","link":"https:\/\/greidlerhof.at\/en\/imprint\/","title":{"rendered":"Imprint"},"content":{"rendered":"<div class=\"wpb-content-wrapper\"><p>[vc_row full_width=&#8221;stretch_row&#8221; el_class=&#8221;banner&#8221; css=&#8221;.vc_custom_1729767479278{background-image: url(https:\/\/greidlerhof.at\/wp-content\/uploads\/2024\/10\/Greidlerhof-titelbild-Isskogel-ZillertalArena.webp?id=746) !important;background-position: center !important;background-repeat: no-repeat !important;background-size: cover !important;}&#8221;][vc_column][\/vc_column][\/vc_row][vc_row full_width=&#8221;stretch_row&#8221; el_class=&#8221;rosabg reiheoben reiheunten&#8221;][vc_column][vc_column_text css=&#8221;&#8221;]<\/p>\n<h1 style=\"text-align: left;\">Imprint<\/h1>\n<p>responsible for the content[\/vc_column_text][vc_column_text css=&#8221;&#8221;]Family Schiestl<br \/>\nRohrberg 83<br \/>\n6280 Zell am Ziller<br \/>\nPhone: <a href=\"tel:+436605793886\">+43 660 579 38 86<\/a><br \/>\nEmail: <a href=\"mailto:info@greidlerhof.at\">info@greidlerhof.at<\/a><\/p>\n<p><strong>Images<\/strong><br \/>\nZillertal Tourismus GmbH<br \/>\nZillertal Arena<br \/>\nTourmiusregion Mayrhofen-Hippach \/ Mountopolis<br \/>\nFamilie Schiestl Greidlerhof<\/p>\n<p><strong>Copyright<\/strong><br \/>\nThe content, structure and layout of the greidlerhof.at website are protected by copyright. Copyrights for images, texts and other protected works, brands and trademarks are not restricted by this.<\/p>\n<p><strong>Disclaimer<\/strong><br \/>\nAccording to general law, the operator of a website is responsible for its content. The contents of this website have been created with the utmost care. However, no liability is assumed for the correctness, completeness and up-to-dateness of the individual pages presented on this website.<\/p>\n<p>Die Website enth\u00e4lt unter anderem Links zu Websites von Dritten, auf deren Inhalt wir keinen Einfluss nehmen k\u00f6nnen und wir daher f\u00fcr deren Inhalt auch keine Gew\u00e4hr \u00fcbernehmen k\u00f6nnen. Die verlinkten Seiten wurden zum Zeitpunkt der Linksetzung auf m\u00f6gliche Rechtsverst\u00f6\u00dfe gepr\u00fcft. Eine permanente Kontrolle der verlinkten Websites ist jedoch wegen dem dauernden Wandel der Websites und der umfangreichen Linksammlung ohne konkreten Anhaltspunkt nicht zumutbar. Bei bekannt werden von Rechtsverletzungen werden anst\u00f6\u00dfige Links umgehend von uns entfernt.[\/vc_column_text][\/vc_column][\/vc_row]<\/p>\n<\/div>","protected":false},"excerpt":{"rendered":"<p>[vc_row full_width=&#8221;stretch_row&#8221; el_class=&#8221;banner&#8221; css=&#8221;.vc_custom_1729767479278{background-image: url(https:\/\/greidlerhof.at\/wp-content\/uploads\/2024\/10\/Greidlerhof-titelbild-Isskogel-ZillertalArena.webp?id=746) !important;background-position: center !important;background-repeat: no-repeat !important;background-size: cover !important;}&#8221;][vc_column][\/vc_column][\/vc_row][vc_row full_width=&#8221;stretch_row&#8221; el_class=&#8221;rosabg reiheoben reiheunten&#8221;][vc_column][vc_column_text css=&#8221;&#8221;] Imprint responsible for the content[\/vc_column_text][vc_column_text css=&#8221;&#8221;]Family Schiestl Rohrberg 83 6280 Zell am Ziller Phone: +43 660 579 38 86 Email: info@greidlerhof.at Images Zillertal Tourismus GmbH Zillertal Arena Tourmiusregion Mayrhofen-Hippach \/ Mountopolis Familie Schiestl Greidlerhof Copyright The content, structure [&hellip;]<\/p>\n","protected":false},"author":1,"featured_media":0,"parent":0,"menu_order":20,"comment_status":"closed","ping_status":"closed","template":"","meta":{"inline_featured_image":false,"footnotes":""},"class_list":["post-926","page","type-page","status-publish","hentry"],"yoast_head":"<!-- This site is optimized with the Yoast SEO plugin v26.2 - https:\/\/yoast.com\/wordpress\/plugins\/seo\/ -->\n<title>Imprint - Greidlerhof - Urlaub am Bauernhof in Uderns<\/title>\n<meta name=\"description\" content=\"Hier finden Sie rechtliche Informationen zur Seite und Copyright Informationen zu Bildern und Inhalten der Website.\" \/>\n<meta name=\"robots\" content=\"index, follow, max-snippet:-1, max-image-preview:large, max-video-preview:-1\" \/>\n<link rel=\"canonical\" href=\"https:\/\/greidlerhof.at\/en\/imprint\/\" \/>\n<meta property=\"og:locale\" content=\"en_US\" \/>\n<meta property=\"og:type\" content=\"article\" \/>\n<meta property=\"og:title\" content=\"Imprint - Greidlerhof - Urlaub am Bauernhof in Uderns\" \/>\n<meta property=\"og:description\" content=\"Hier finden Sie rechtliche Informationen zur Seite und Copyright Informationen zu Bildern und Inhalten der Website.\" \/>\n<meta property=\"og:url\" content=\"https:\/\/greidlerhof.at\/en\/imprint\/\" \/>\n<meta property=\"og:site_name\" content=\"Greidlerhof - Urlaub am Bauernhof\" \/>\n<meta property=\"article:publisher\" content=\"https:\/\/www.facebook.com\/profile.php?id=100066953587069\" \/>\n<meta property=\"article:modified_time\" content=\"2024-11-24T14:33:59+00:00\" \/>\n<meta name=\"twitter:card\" content=\"summary_large_image\" \/>\n<meta name=\"twitter:label1\" content=\"Est. reading time\" \/>\n\t<meta name=\"twitter:data1\" content=\"2 minutes\" \/>\n<script type=\"application\/ld+json\" class=\"yoast-schema-graph\">{\"@context\":\"https:\/\/schema.org\",\"@graph\":[{\"@type\":\"WebPage\",\"@id\":\"https:\/\/greidlerhof.at\/en\/imprint\/\",\"url\":\"https:\/\/greidlerhof.at\/en\/imprint\/\",\"name\":\"Imprint - Greidlerhof - Urlaub am Bauernhof in Uderns\",\"isPartOf\":{\"@id\":\"https:\/\/greidlerhof.at\/en\/#website\"},\"datePublished\":\"2024-07-02T11:29:05+00:00\",\"dateModified\":\"2024-11-24T14:33:59+00:00\",\"description\":\"Hier finden Sie rechtliche Informationen zur Seite und Copyright Informationen zu Bildern und Inhalten der Website.\",\"breadcrumb\":{\"@id\":\"https:\/\/greidlerhof.at\/en\/imprint\/#breadcrumb\"},\"inLanguage\":\"en-US\",\"potentialAction\":[{\"@type\":\"ReadAction\",\"target\":[\"https:\/\/greidlerhof.at\/en\/imprint\/\"]}]},{\"@type\":\"BreadcrumbList\",\"@id\":\"https:\/\/greidlerhof.at\/en\/imprint\/#breadcrumb\",\"itemListElement\":[{\"@type\":\"ListItem\",\"position\":1,\"name\":\"Startseite\",\"item\":\"https:\/\/greidlerhof.at\/en\/\"},{\"@type\":\"ListItem\",\"position\":2,\"name\":\"Imprint\"}]},{\"@type\":\"WebSite\",\"@id\":\"https:\/\/greidlerhof.at\/en\/#website\",\"url\":\"https:\/\/greidlerhof.at\/en\/\",\"name\":\"Greidlerhof - Urlaub am Bauernhof\",\"description\":\"\",\"publisher\":{\"@id\":\"https:\/\/greidlerhof.at\/en\/#organization\"},\"potentialAction\":[{\"@type\":\"SearchAction\",\"target\":{\"@type\":\"EntryPoint\",\"urlTemplate\":\"https:\/\/greidlerhof.at\/en\/?s={search_term_string}\"},\"query-input\":{\"@type\":\"PropertyValueSpecification\",\"valueRequired\":true,\"valueName\":\"search_term_string\"}}],\"inLanguage\":\"en-US\"},{\"@type\":\"Organization\",\"@id\":\"https:\/\/greidlerhof.at\/en\/#organization\",\"name\":\"Greidlerhof - Urlaub am Bauernhof\",\"url\":\"https:\/\/greidlerhof.at\/en\/\",\"logo\":{\"@type\":\"ImageObject\",\"inLanguage\":\"en-US\",\"@id\":\"https:\/\/greidlerhof.at\/en\/#\/schema\/logo\/image\/\",\"url\":\"https:\/\/greidlerhof.at\/wp-content\/uploads\/2024\/11\/logo-greidlerhof.svg\",\"contentUrl\":\"https:\/\/greidlerhof.at\/wp-content\/uploads\/2024\/11\/logo-greidlerhof.svg\",\"width\":\"1024\",\"height\":\"1024\",\"caption\":\"Greidlerhof - Urlaub am Bauernhof\"},\"image\":{\"@id\":\"https:\/\/greidlerhof.at\/en\/#\/schema\/logo\/image\/\"},\"sameAs\":[\"https:\/\/www.facebook.com\/profile.php?id=100066953587069\"]}]}<\/script>\n<!-- \/ Yoast SEO plugin. -->","yoast_head_json":{"title":"Imprint - Greidlerhof - Urlaub am Bauernhof in Uderns","description":"Hier finden Sie rechtliche Informationen zur Seite und Copyright Informationen zu Bildern und Inhalten der Website.","robots":{"index":"index","follow":"follow","max-snippet":"max-snippet:-1","max-image-preview":"max-image-preview:large","max-video-preview":"max-video-preview:-1"},"canonical":"https:\/\/greidlerhof.at\/en\/imprint\/","og_locale":"en_US","og_type":"article","og_title":"Imprint - Greidlerhof - Urlaub am Bauernhof in Uderns","og_description":"Hier finden Sie rechtliche Informationen zur Seite und Copyright Informationen zu Bildern und Inhalten der Website.","og_url":"https:\/\/greidlerhof.at\/en\/imprint\/","og_site_name":"Greidlerhof - Urlaub am Bauernhof","article_publisher":"https:\/\/www.facebook.com\/profile.php?id=100066953587069","article_modified_time":"2024-11-24T14:33:59+00:00","twitter_card":"summary_large_image","twitter_misc":{"Est. reading time":"2 minutes"},"schema":{"@context":"https:\/\/schema.org","@graph":[{"@type":"WebPage","@id":"https:\/\/greidlerhof.at\/en\/imprint\/","url":"https:\/\/greidlerhof.at\/en\/imprint\/","name":"Imprint - Greidlerhof - Urlaub am Bauernhof in Uderns","isPartOf":{"@id":"https:\/\/greidlerhof.at\/en\/#website"},"datePublished":"2024-07-02T11:29:05+00:00","dateModified":"2024-11-24T14:33:59+00:00","description":"Hier finden Sie rechtliche Informationen zur Seite und Copyright Informationen zu Bildern und Inhalten der Website.","breadcrumb":{"@id":"https:\/\/greidlerhof.at\/en\/imprint\/#breadcrumb"},"inLanguage":"en-US","potentialAction":[{"@type":"ReadAction","target":["https:\/\/greidlerhof.at\/en\/imprint\/"]}]},{"@type":"BreadcrumbList","@id":"https:\/\/greidlerhof.at\/en\/imprint\/#breadcrumb","itemListElement":[{"@type":"ListItem","position":1,"name":"Startseite","item":"https:\/\/greidlerhof.at\/en\/"},{"@type":"ListItem","position":2,"name":"Imprint"}]},{"@type":"WebSite","@id":"https:\/\/greidlerhof.at\/en\/#website","url":"https:\/\/greidlerhof.at\/en\/","name":"Greidlerhof - Urlaub am Bauernhof","description":"","publisher":{"@id":"https:\/\/greidlerhof.at\/en\/#organization"},"potentialAction":[{"@type":"SearchAction","target":{"@type":"EntryPoint","urlTemplate":"https:\/\/greidlerhof.at\/en\/?s={search_term_string}"},"query-input":{"@type":"PropertyValueSpecification","valueRequired":true,"valueName":"search_term_string"}}],"inLanguage":"en-US"},{"@type":"Organization","@id":"https:\/\/greidlerhof.at\/en\/#organization","name":"Greidlerhof - Urlaub am Bauernhof","url":"https:\/\/greidlerhof.at\/en\/","logo":{"@type":"ImageObject","inLanguage":"en-US","@id":"https:\/\/greidlerhof.at\/en\/#\/schema\/logo\/image\/","url":"https:\/\/greidlerhof.at\/wp-content\/uploads\/2024\/11\/logo-greidlerhof.svg","contentUrl":"https:\/\/greidlerhof.at\/wp-content\/uploads\/2024\/11\/logo-greidlerhof.svg","width":"1024","height":"1024","caption":"Greidlerhof - Urlaub am Bauernhof"},"image":{"@id":"https:\/\/greidlerhof.at\/en\/#\/schema\/logo\/image\/"},"sameAs":["https:\/\/www.facebook.com\/profile.php?id=100066953587069"]}]}},"_links":{"self":[{"href":"https:\/\/greidlerhof.at\/en\/wp-json\/wp\/v2\/pages\/926","targetHints":{"allow":["GET"]}}],"collection":[{"href":"https:\/\/greidlerhof.at\/en\/wp-json\/wp\/v2\/pages"}],"about":[{"href":"https:\/\/greidlerhof.at\/en\/wp-json\/wp\/v2\/types\/page"}],"author":[{"embeddable":true,"href":"https:\/\/greidlerhof.at\/en\/wp-json\/wp\/v2\/users\/1"}],"replies":[{"embeddable":true,"href":"https:\/\/greidlerhof.at\/en\/wp-json\/wp\/v2\/comments?post=926"}],"version-history":[{"count":0,"href":"https:\/\/greidlerhof.at\/en\/wp-json\/wp\/v2\/pages\/926\/revisions"}],"wp:attachment":[{"href":"https:\/\/greidlerhof.at\/en\/wp-json\/wp\/v2\/media?parent=926"}],"curies":[{"name":"wp","href":"https:\/\/api.w.org\/{rel}","templated":true}]}}